{"id":2,"date":"2025-12-23T17:07:32","date_gmt":"2025-12-23T17:07:32","guid":{"rendered":"http:\/\/stinejeremie.com\/?page_id=2"},"modified":"2026-01-17T20:23:13","modified_gmt":"2026-01-17T20:23:13","slug":"sample-page","status":"publish","type":"page","link":"https:\/\/stinejeremie.com\/","title":{"rendered":"Wedding information"},"content":{"rendered":"\t\t<div data-elementor-type=\"wp-page\" data-elementor-id=\"2\" class=\"elementor elementor-2\">\n\t\t\t\t<div class=\"elementor-element elementor-element-56bcbc7 e-flex e-con-boxed e-con e-parent\" data-id=\"56bcbc7\" data-element_type=\"container\">\n\t\t\t\t\t<div class=\"e-con-inner\">\n\t\t\t\t<div class=\"elementor-element elementor-element-a49b1d9 elementor-widget elementor-widget-image\" data-id=\"a49b1d9\" data-element_type=\"widget\" data-widget_type=\"image.default\">\n\t\t\t\t\t\t\t\t\t\t\t\t\t\t\t<img loading=\"lazy\" decoding=\"async\" width=\"300\" height=\"181\" src=\"https:\/\/stinejeremie.com\/wp-content\/uploads\/2025\/12\/jp2-300x181.jpg\" class=\"attachment-medium size-medium wp-image-69\" alt=\"\" srcset=\"https:\/\/stinejeremie.com\/wp-content\/uploads\/2025\/12\/jp2-300x181.jpg 300w, https:\/\/stinejeremie.com\/wp-content\/uploads\/2025\/12\/jp2.jpg 588w\" sizes=\"auto, (max-width: 300px) 100vw, 300px\" \/>\t\t\t\t\t\t\t\t\t\t\t\t\t\t\t<\/div>\n\t\t\t\t<div class=\"elementor-element elementor-element-e0bf046 elementor-widget elementor-widget-image\" data-id=\"e0bf046\" data-element_type=\"widget\" data-widget_type=\"image.default\">\n\t\t\t\t\t\t\t\t\t\t\t\t\t\t\t<img loading=\"lazy\" decoding=\"async\" width=\"1024\" height=\"683\" src=\"https:\/\/stinejeremie.com\/wp-content\/uploads\/2025\/12\/ChatGPT-Image-Dec-23-2025-10_38_01-PM-1024x683.png\" class=\"attachment-large size-large wp-image-131\" alt=\"\" srcset=\"https:\/\/stinejeremie.com\/wp-content\/uploads\/2025\/12\/ChatGPT-Image-Dec-23-2025-10_38_01-PM-1024x683.png 1024w, https:\/\/stinejeremie.com\/wp-content\/uploads\/2025\/12\/ChatGPT-Image-Dec-23-2025-10_38_01-PM-300x200.png 300w, https:\/\/stinejeremie.com\/wp-content\/uploads\/2025\/12\/ChatGPT-Image-Dec-23-2025-10_38_01-PM-768x512.png 768w, https:\/\/stinejeremie.com\/wp-content\/uploads\/2025\/12\/ChatGPT-Image-Dec-23-2025-10_38_01-PM.png 1536w\" sizes=\"auto, (max-width: 1024px) 100vw, 1024px\" \/>\t\t\t\t\t\t\t\t\t\t\t\t\t\t\t<\/div>\n\t\t\t\t\t<\/div>\n\t\t\t\t<\/div>\n\t\t<div class=\"elementor-element elementor-element-6fe32f1 e-flex e-con-boxed e-con e-parent\" data-id=\"6fe32f1\" data-element_type=\"container\">\n\t\t\t\t\t<div class=\"e-con-inner\">\n\t\t\t\t<div class=\"elementor-element elementor-element-a230e6c elementor-widget elementor-widget-image\" data-id=\"a230e6c\" data-element_type=\"widget\" data-widget_type=\"image.default\">\n\t\t\t\t\t\t\t\t\t\t\t\t\t\t\t<img loading=\"lazy\" decoding=\"async\" width=\"1024\" height=\"475\" src=\"https:\/\/stinejeremie.com\/wp-content\/uploads\/2025\/12\/jp-1024x475.jpg\" class=\"attachment-large size-large wp-image-68\" alt=\"\" srcset=\"https:\/\/stinejeremie.com\/wp-content\/uploads\/2025\/12\/jp-1024x475.jpg 1024w, https:\/\/stinejeremie.com\/wp-content\/uploads\/2025\/12\/jp-300x139.jpg 300w, https:\/\/stinejeremie.com\/wp-content\/uploads\/2025\/12\/jp-768x356.jpg 768w, https:\/\/stinejeremie.com\/wp-content\/uploads\/2025\/12\/jp.jpg 1377w\" sizes=\"auto, (max-width: 1024px) 100vw, 1024px\" \/>\t\t\t\t\t\t\t\t\t\t\t\t\t\t\t<\/div>\n\t\t\t\t\t<\/div>\n\t\t\t\t<\/div>\n\t\t<div class=\"elementor-element elementor-element-304d686 e-flex e-con-boxed e-con e-parent\" data-id=\"304d686\" data-element_type=\"container\">\n\t\t\t\t\t<div class=\"e-con-inner\">\n\t\t\t\t<div class=\"elementor-element elementor-element-05bf0f3 elementor-widget-divider--view-line elementor-widget elementor-widget-divider\" data-id=\"05bf0f3\" data-element_type=\"widget\" data-widget_type=\"divider.default\">\n\t\t\t\t\t\t\t<div class=\"elementor-divider\">\n\t\t\t<span class=\"elementor-divider-separator\">\n\t\t\t\t\t\t<\/span>\n\t\t<\/div>\n\t\t\t\t\t\t<\/div>\n\t\t\t\t<div class=\"elementor-element elementor-element-f602cf8 elementor-widget elementor-widget-heading\" data-id=\"f602cf8\" data-element_type=\"widget\" id=\"Program2\" data-widget_type=\"heading.default\">\n\t\t\t\t\t<h2 class=\"elementor-heading-title elementor-size-default\"><br><h1 style=\"font-family: Literata, serif;font-size: 44.8px;max-width: 1645px;margin-left: auto !important;margin-right: auto !important\">Program, 15 August 2026<\/h1><\/h2>\t\t\t\t<\/div>\n\t\t\t\t\t<\/div>\n\t\t\t\t<\/div>\n\t\t<div class=\"elementor-element elementor-element-ed494bd e-flex e-con-boxed e-con e-parent\" data-id=\"ed494bd\" data-element_type=\"container\">\n\t\t\t\t\t<div class=\"e-con-inner\">\n\t\t<div class=\"elementor-element elementor-element-8fc4f3f e-con-full e-flex e-con e-child\" data-id=\"8fc4f3f\" data-element_type=\"container\">\n\t\t\t\t<div class=\"elementor-element elementor-element-3a91a0b elementor-widget elementor-widget-text-editor\" data-id=\"3a91a0b\" data-element_type=\"widget\" data-widget_type=\"text-editor.default\">\n\t\t\t\t\t\t\t\t\t<h3 class=\"wp-block-heading\"><b>Wedding Ceremony<\/b><\/h3>\n<p>13:00 &#8211; 14:00<\/p>\t\t\t\t\t\t\t\t<\/div>\n\t\t\t\t<\/div>\n\t\t<div class=\"elementor-element elementor-element-808d086 e-con-full e-flex e-con e-child\" data-id=\"808d086\" data-element_type=\"container\">\n\t\t<div class=\"elementor-element elementor-element-427801f e-con-full e-flex e-con e-child\" data-id=\"427801f\" data-element_type=\"container\">\n\t\t\t\t<div class=\"elementor-element elementor-element-4b6fe11 elementor-widget elementor-widget-image\" data-id=\"4b6fe11\" data-element_type=\"widget\" data-widget_type=\"image.default\">\n\t\t\t\t\t\t\t\t\t\t\t\t\t\t\t<img loading=\"lazy\" decoding=\"async\" width=\"1024\" height=\"765\" src=\"https:\/\/stinejeremie.com\/wp-content\/uploads\/2025\/12\/Klarup_Kirke_201008_ubt-2-1024x765.jpg\" class=\"attachment-large size-large wp-image-89\" alt=\"\" srcset=\"https:\/\/stinejeremie.com\/wp-content\/uploads\/2025\/12\/Klarup_Kirke_201008_ubt-2-1024x765.jpg 1024w, https:\/\/stinejeremie.com\/wp-content\/uploads\/2025\/12\/Klarup_Kirke_201008_ubt-2-300x224.jpg 300w, https:\/\/stinejeremie.com\/wp-content\/uploads\/2025\/12\/Klarup_Kirke_201008_ubt-2-768x574.jpg 768w, https:\/\/stinejeremie.com\/wp-content\/uploads\/2025\/12\/Klarup_Kirke_201008_ubt-2-1536x1148.jpg 1536w, https:\/\/stinejeremie.com\/wp-content\/uploads\/2025\/12\/Klarup_Kirke_201008_ubt-2-2048x1530.jpg 2048w\" sizes=\"auto, (max-width: 1024px) 100vw, 1024px\" \/>\t\t\t\t\t\t\t\t\t\t\t\t\t\t\t<\/div>\n\t\t\t\t<\/div>\n\t\t<div class=\"elementor-element elementor-element-8c56bb0 e-con-full e-flex e-con e-child\" data-id=\"8c56bb0\" data-element_type=\"container\">\n\t\t\t\t<div class=\"elementor-element elementor-element-2a4cd1d elementor-widget elementor-widget-text-editor\" data-id=\"2a4cd1d\" data-element_type=\"widget\" data-widget_type=\"text-editor.default\">\n\t\t\t\t\t\t\t\t\t<p class=\"wp-block-heading\">Klarup Church\u00a0<\/p><p><a href=\"https:\/\/www.google.com\/maps\/search\/?api=1&amp;query=57.01155480,10.05810010&amp;query_place_id=ChIJuTlSE0vMTkYRMkMuBFOWpmo\" target=\"_blank\" rel=\"noreferrer noopener\">Klarup Kirkevej 9, 9270 Klarup, Denmark<\/a><\/p>\t\t\t\t\t\t\t\t<\/div>\n\t\t\t\t<\/div>\n\t\t\t\t<\/div>\n\t\t\t\t\t<\/div>\n\t\t\t\t<\/div>\n\t\t<div class=\"elementor-element elementor-element-08033c5 e-flex e-con-boxed e-con e-parent\" data-id=\"08033c5\" data-element_type=\"container\">\n\t\t\t\t\t<div class=\"e-con-inner\">\n\t\t<div class=\"elementor-element elementor-element-7ad7c61 e-con-full e-flex e-con e-child\" data-id=\"7ad7c61\" data-element_type=\"container\">\n\t\t\t\t<div class=\"elementor-element elementor-element-4b039c7 elementor-widget elementor-widget-text-editor\" data-id=\"4b039c7\" data-element_type=\"widget\" data-widget_type=\"text-editor.default\">\n\t\t\t\t\t\t\t\t\t<h3><b>Reception<\/b><\/h3><p>15:00 &#8211; 18:00<\/p><h3><b>Dinner<\/b><\/h3><p>18:00 &#8211; 23:00<\/p><h3><span style=\"letter-spacing: -0.02em; text-wrap-mode: initial;\"><b>Wedding Party<\/b><\/span><\/h3><p style=\"letter-spacing: -0.192px;\">23:00 &#8211; until morning<\/p>\t\t\t\t\t\t\t\t<\/div>\n\t\t\t\t<\/div>\n\t\t<div class=\"elementor-element elementor-element-0cbb487 e-con-full e-flex e-con e-child\" data-id=\"0cbb487\" data-element_type=\"container\">\n\t\t<div class=\"elementor-element elementor-element-38c1fef e-con-full e-flex e-con e-child\" data-id=\"38c1fef\" data-element_type=\"container\">\n\t\t\t\t<div class=\"elementor-element elementor-element-88d63d7 elementor-widget elementor-widget-image\" data-id=\"88d63d7\" data-element_type=\"widget\" data-widget_type=\"image.default\">\n\t\t\t\t\t\t\t\t\t\t\t\t\t\t\t<img loading=\"lazy\" decoding=\"async\" width=\"1024\" height=\"768\" src=\"https:\/\/stinejeremie.com\/wp-content\/uploads\/2025\/12\/danskehoteller_hotelsoeparken_1024x768px1.jpg\" class=\"attachment-large size-large wp-image-94\" alt=\"\" srcset=\"https:\/\/stinejeremie.com\/wp-content\/uploads\/2025\/12\/danskehoteller_hotelsoeparken_1024x768px1.jpg 1024w, https:\/\/stinejeremie.com\/wp-content\/uploads\/2025\/12\/danskehoteller_hotelsoeparken_1024x768px1-300x225.jpg 300w, https:\/\/stinejeremie.com\/wp-content\/uploads\/2025\/12\/danskehoteller_hotelsoeparken_1024x768px1-768x576.jpg 768w\" sizes=\"auto, (max-width: 1024px) 100vw, 1024px\" \/>\t\t\t\t\t\t\t\t\t\t\t\t\t\t\t<\/div>\n\t\t\t\t<\/div>\n\t\t<div class=\"elementor-element elementor-element-09a4ef7 e-con-full e-flex e-con e-child\" data-id=\"09a4ef7\" data-element_type=\"container\">\n\t\t\t\t<div class=\"elementor-element elementor-element-84ad460 elementor-widget elementor-widget-text-editor\" data-id=\"84ad460\" data-element_type=\"widget\" data-widget_type=\"text-editor.default\">\n\t\t\t\t\t\t\t\t\t<p>Hotel S\u00f8parken<\/p><p><a href=\"https:\/\/www.google.com\/maps\/search\/?api=1&amp;query=57.15124750,9.73573780&amp;query_place_id=ChIJi0p2lIwlSUYRC9j41g0uUBo\" target=\"_blank\" rel=\"noreferrer noopener\">S\u00f8parken 1, 9440 Aabybro, Denmark<\/a><\/p>\t\t\t\t\t\t\t\t<\/div>\n\t\t\t\t<\/div>\n\t\t\t\t<\/div>\n\t\t\t\t\t<\/div>\n\t\t\t\t<\/div>\n\t\t<div class=\"elementor-element elementor-element-66852f3 e-flex e-con-boxed e-con e-parent\" data-id=\"66852f3\" data-element_type=\"container\">\n\t\t\t\t\t<div class=\"e-con-inner\">\n\t\t\t\t<div class=\"elementor-element elementor-element-c67d8db elementor-widget-divider--view-line elementor-widget elementor-widget-divider\" data-id=\"c67d8db\" data-element_type=\"widget\" data-widget_type=\"divider.default\">\n\t\t\t\t\t\t\t<div class=\"elementor-divider\">\n\t\t\t<span class=\"elementor-divider-separator\">\n\t\t\t\t\t\t<\/span>\n\t\t<\/div>\n\t\t\t\t\t\t<\/div>\n\t\t\t\t<div class=\"elementor-element elementor-element-74e60ec elementor-widget elementor-widget-heading\" data-id=\"74e60ec\" data-element_type=\"widget\" id=\"Hotel\" data-widget_type=\"heading.default\">\n\t\t\t\t\t<h2 class=\"elementor-heading-title elementor-size-default\"><h1 class=\"wp-block-post-title\" style=\"font-family: Literata, serif;font-size: 44.8px;max-width: 1645px;margin-left: auto !important;margin-right: auto !important\">Hotel<\/h1><\/h2>\t\t\t\t<\/div>\n\t\t\t\t\t<\/div>\n\t\t\t\t<\/div>\n\t\t<div class=\"elementor-element elementor-element-1d2fdb6 e-flex e-con-boxed e-con e-parent\" data-id=\"1d2fdb6\" data-element_type=\"container\">\n\t\t\t\t\t<div class=\"e-con-inner\">\n\t\t<div class=\"elementor-element elementor-element-fdd8818 e-con-full e-flex e-con e-child\" data-id=\"fdd8818\" data-element_type=\"container\">\n\t\t\t\t<div class=\"elementor-element elementor-element-4567c54 elementor-widget elementor-widget-text-editor\" data-id=\"4567c54\" data-element_type=\"widget\" data-widget_type=\"text-editor.default\">\n\t\t\t\t\t\t\t\t\t<h2>Hotel S\u00f8parken<\/h2>\nWe do<strong> not<\/strong> provide accommodation but reservation in the same hotel of the dinner and party can be made to this link:\n\n<strong><em><span style=\"text-decoration: underline;\"><a style=\"color: red;\" href=\"https:\/\/docs.google.com\/spreadsheets\/d\/1rC_NKbF9aIBxtEE9oxHtyw_oGC4pSnA6cCLQPEe5Kd8\/edit?usp=sharing\" data-type=\"link\" data-id=\"https:\/\/docs.google.com\/spreadsheets\/d\/1rC_NKbF9aIBxtEE9oxHtyw_oGC4pSnA6cCLQPEe5Kd8\/edit?usp=sharing\">CLICK HERE for Reservation asap<\/a><\/span><\/em><\/strong>\n<p style=\"letter-spacing: -0.192px;\">The special price per night per room is 700 dkk (94\u20ac).<\/p>\n<p style=\"letter-spacing: -0.192px;\">Extra bed is 200 dkk (27\u20ac).<\/p>\n<p style=\"letter-spacing: -0.192px;\">Single room is 600 dkk (80\u20ac).<\/p>\nTo be paid directly onsite.\t\t\t\t\t\t\t\t<\/div>\n\t\t\t\t<\/div>\n\t\t<div class=\"elementor-element elementor-element-dc0bb6c e-con-full e-flex e-con e-child\" data-id=\"dc0bb6c\" data-element_type=\"container\">\n\t\t<div class=\"elementor-element elementor-element-949b6b6 e-con-full e-flex e-con e-child\" data-id=\"949b6b6\" data-element_type=\"container\">\n\t\t\t\t<div class=\"elementor-element elementor-element-2e3ea0e elementor-widget elementor-widget-image\" data-id=\"2e3ea0e\" data-element_type=\"widget\" data-widget_type=\"image.default\">\n\t\t\t\t\t\t\t\t\t\t\t\t\t\t\t<img loading=\"lazy\" decoding=\"async\" width=\"1024\" height=\"683\" src=\"https:\/\/stinejeremie.com\/wp-content\/uploads\/2025\/12\/csm_hotel_soeparken_aabybro_vaerelser_DN07_maj_2024_16_304e792475-1024x683.jpg\" class=\"attachment-large size-large wp-image-222\" alt=\"\" srcset=\"https:\/\/stinejeremie.com\/wp-content\/uploads\/2025\/12\/csm_hotel_soeparken_aabybro_vaerelser_DN07_maj_2024_16_304e792475-1024x683.jpg 1024w, https:\/\/stinejeremie.com\/wp-content\/uploads\/2025\/12\/csm_hotel_soeparken_aabybro_vaerelser_DN07_maj_2024_16_304e792475-300x200.jpg 300w, https:\/\/stinejeremie.com\/wp-content\/uploads\/2025\/12\/csm_hotel_soeparken_aabybro_vaerelser_DN07_maj_2024_16_304e792475-768x512.jpg 768w, https:\/\/stinejeremie.com\/wp-content\/uploads\/2025\/12\/csm_hotel_soeparken_aabybro_vaerelser_DN07_maj_2024_16_304e792475.jpg 1245w\" sizes=\"auto, (max-width: 1024px) 100vw, 1024px\" \/>\t\t\t\t\t\t\t\t\t\t\t\t\t\t\t<\/div>\n\t\t\t\t<div class=\"elementor-element elementor-element-1b30274 elementor-widget elementor-widget-text-editor\" data-id=\"1b30274\" data-element_type=\"widget\" data-widget_type=\"text-editor.default\">\n\t\t\t\t\t\t\t\t\t<p>Hotel S\u00f8parken<\/p><p><a href=\"https:\/\/www.google.com\/maps\/search\/?api=1&amp;query=57.15124750,9.73573780&amp;query_place_id=ChIJi0p2lIwlSUYRC9j41g0uUBo\" target=\"_blank\" rel=\"noreferrer noopener\">S\u00f8parken 1, 9440 Aabybro, Denmark<\/a><\/p>\t\t\t\t\t\t\t\t<\/div>\n\t\t\t\t<\/div>\n\t\t\t\t<\/div>\n\t\t\t\t\t<\/div>\n\t\t\t\t<\/div>\n\t\t<div class=\"elementor-element elementor-element-4579efe e-flex e-con-boxed e-con e-parent\" data-id=\"4579efe\" data-element_type=\"container\">\n\t\t\t\t\t<div class=\"e-con-inner\">\n\t\t\t\t<div class=\"elementor-element elementor-element-0df335b elementor-widget-divider--view-line elementor-widget elementor-widget-divider\" data-id=\"0df335b\" data-element_type=\"widget\" data-widget_type=\"divider.default\">\n\t\t\t\t\t\t\t<div class=\"elementor-divider\">\n\t\t\t<span class=\"elementor-divider-separator\">\n\t\t\t\t\t\t<\/span>\n\t\t<\/div>\n\t\t\t\t\t\t<\/div>\n\t\t\t\t<div class=\"elementor-element elementor-element-08d50c8 elementor-widget elementor-widget-heading\" data-id=\"08d50c8\" data-element_type=\"widget\" id=\"faq\" data-widget_type=\"heading.default\">\n\t\t\t\t\t<h2 class=\"elementor-heading-title elementor-size-default\"><h1 class=\"wp-block-post-title\" style=\"font-family: Literata, serif;font-size: 44.8px;max-width: 1645px;margin-left: auto !important;margin-right: auto !important\">FAQ<\/h1><\/h2>\t\t\t\t<\/div>\n\t\t\t\t\t<\/div>\n\t\t\t\t<\/div>\n\t\t<div class=\"elementor-element elementor-element-b23150f e-grid e-con-boxed e-con e-parent\" data-id=\"b23150f\" data-element_type=\"container\">\n\t\t\t\t\t<div class=\"e-con-inner\">\n\t\t\t\t<div class=\"elementor-element elementor-element-8023245 elementor-widget elementor-widget-text-editor\" data-id=\"8023245\" data-element_type=\"widget\" data-widget_type=\"text-editor.default\">\n\t\t\t\t\t\t\t\t\t<h2 class=\"wp-block-heading\">Children?<\/h2><p>The wedding is without children .<\/p><p><span style=\"text-wrap-mode: initial; letter-spacing: -0.01em;\">But if you come from far and need to bring your children let us know.\u00a0<\/span><\/p>\t\t\t\t\t\t\t\t<\/div>\n\t\t\t\t<div class=\"elementor-element elementor-element-6bc09eb elementor-widget elementor-widget-image\" data-id=\"6bc09eb\" data-element_type=\"widget\" data-widget_type=\"image.default\">\n\t\t\t\t\t\t\t\t\t\t\t\t\t\t\t<img loading=\"lazy\" decoding=\"async\" width=\"591\" height=\"340\" src=\"https:\/\/stinejeremie.com\/wp-content\/uploads\/2025\/12\/9f0b2d5f7fa39a0c2517d8573dce472c_t.jpeg\" class=\"attachment-large size-large wp-image-227\" alt=\"\" srcset=\"https:\/\/stinejeremie.com\/wp-content\/uploads\/2025\/12\/9f0b2d5f7fa39a0c2517d8573dce472c_t.jpeg 591w, https:\/\/stinejeremie.com\/wp-content\/uploads\/2025\/12\/9f0b2d5f7fa39a0c2517d8573dce472c_t-300x173.jpeg 300w\" sizes=\"auto, (max-width: 591px) 100vw, 591px\" \/>\t\t\t\t\t\t\t\t\t\t\t\t\t\t\t<\/div>\n\t\t\t\t\t<\/div>\n\t\t\t\t<\/div>\n\t\t<div class=\"elementor-element elementor-element-c74a0bc e-grid e-con-boxed e-con e-parent\" data-id=\"c74a0bc\" data-element_type=\"container\">\n\t\t\t\t\t<div class=\"e-con-inner\">\n\t\t\t\t<div class=\"elementor-element elementor-element-eca3493 elementor-widget elementor-widget-text-editor\" data-id=\"eca3493\" data-element_type=\"widget\" data-widget_type=\"text-editor.default\">\n\t\t\t\t\t\t\t\t\t<h2 class=\"wp-block-heading\">Speeches?<\/h2><p><span style=\"letter-spacing: -0.01em; text-wrap-mode: initial;\">If you want to make a speech, you will need to contact beforehand our toast masters (person introducing speakers and guests) Tue and Kathrine to the following email: tubenn@gmail.com\u00a0<\/span><\/p>\t\t\t\t\t\t\t\t<\/div>\n\t\t\t\t<div class=\"elementor-element elementor-element-b337c33 elementor-widget elementor-widget-image\" data-id=\"b337c33\" data-element_type=\"widget\" data-widget_type=\"image.default\">\n\t\t\t\t\t\t\t\t\t\t\t\t\t\t\t<img loading=\"lazy\" decoding=\"async\" width=\"600\" height=\"600\" src=\"https:\/\/stinejeremie.com\/wp-content\/uploads\/2025\/12\/microphone-music-notes-vector-illustration-600nw-2640745905.webp\" class=\"attachment-large size-large wp-image-231\" alt=\"\" srcset=\"https:\/\/stinejeremie.com\/wp-content\/uploads\/2025\/12\/microphone-music-notes-vector-illustration-600nw-2640745905.webp 600w, https:\/\/stinejeremie.com\/wp-content\/uploads\/2025\/12\/microphone-music-notes-vector-illustration-600nw-2640745905-300x300.webp 300w, https:\/\/stinejeremie.com\/wp-content\/uploads\/2025\/12\/microphone-music-notes-vector-illustration-600nw-2640745905-150x150.webp 150w\" sizes=\"auto, (max-width: 600px) 100vw, 600px\" \/>\t\t\t\t\t\t\t\t\t\t\t\t\t\t\t<\/div>\n\t\t\t\t\t<\/div>\n\t\t\t\t<\/div>\n\t\t<div class=\"elementor-element elementor-element-41bc58c e-grid e-con-boxed e-con e-parent\" data-id=\"41bc58c\" data-element_type=\"container\">\n\t\t\t\t\t<div class=\"e-con-inner\">\n\t\t\t\t<div class=\"elementor-element elementor-element-789bd8b elementor-widget elementor-widget-text-editor\" data-id=\"789bd8b\" data-element_type=\"widget\" data-widget_type=\"text-editor.default\">\n\t\t\t\t\t\t\t\t\t<h2 class=\"wp-block-heading\">Food?<\/h2><p><span style=\"letter-spacing: -0.01em; text-wrap-mode: initial;\">If you have special dietary requirements, let us know.\u00a0\u00a0<\/span><\/p>\t\t\t\t\t\t\t\t<\/div>\n\t\t\t\t<div class=\"elementor-element elementor-element-7d78a68 elementor-widget elementor-widget-image\" data-id=\"7d78a68\" data-element_type=\"widget\" data-widget_type=\"image.default\">\n\t\t\t\t\t\t\t\t\t\t\t\t\t\t\t<img loading=\"lazy\" decoding=\"async\" width=\"612\" height=\"495\" src=\"https:\/\/stinejeremie.com\/wp-content\/uploads\/2025\/12\/jp5-1.jpg\" class=\"attachment-large size-large wp-image-250\" alt=\"\" srcset=\"https:\/\/stinejeremie.com\/wp-content\/uploads\/2025\/12\/jp5-1.jpg 612w, https:\/\/stinejeremie.com\/wp-content\/uploads\/2025\/12\/jp5-1-300x243.jpg 300w\" sizes=\"auto, (max-width: 612px) 100vw, 612px\" \/>\t\t\t\t\t\t\t\t\t\t\t\t\t\t\t<\/div>\n\t\t\t\t\t<\/div>\n\t\t\t\t<\/div>\n\t\t\t\t<\/div>\n\t\t","protected":false},"excerpt":{"rendered":"<p>Program, 15 August 2026 Wedding Ceremony 13:00 &#8211; 14:00 Klarup Church\u00a0 Klarup Kirkevej 9, 9270 Klarup, Denmark Reception 15:00 &#8211; 18:00 Dinner 18:00 &#8211; 23:00 Wedding Party 23:00 &#8211; until morning Hotel S\u00f8parken S\u00f8parken 1, 9440 Aabybro, Denmark Hotel Hotel S\u00f8parken We do not provide accommodation but reservation in the same hotel of the dinner [&hellip;]<\/p>\n","protected":false},"author":1,"featured_media":0,"parent":0,"menu_order":0,"comment_status":"closed","ping_status":"open","template":"elementor_theme","meta":{"footnotes":""},"class_list":["post-2","page","type-page","status-publish","hentry"],"_links":{"self":[{"href":"https:\/\/stinejeremie.com\/index.php\/wp-json\/wp\/v2\/pages\/2","targetHints":{"allow":["GET"]}}],"collection":[{"href":"https:\/\/stinejeremie.com\/index.php\/wp-json\/wp\/v2\/pages"}],"about":[{"href":"https:\/\/stinejeremie.com\/index.php\/wp-json\/wp\/v2\/types\/page"}],"author":[{"embeddable":true,"href":"https:\/\/stinejeremie.com\/index.php\/wp-json\/wp\/v2\/users\/1"}],"replies":[{"embeddable":true,"href":"https:\/\/stinejeremie.com\/index.php\/wp-json\/wp\/v2\/comments?post=2"}],"version-history":[{"count":169,"href":"https:\/\/stinejeremie.com\/index.php\/wp-json\/wp\/v2\/pages\/2\/revisions"}],"predecessor-version":[{"id":318,"href":"https:\/\/stinejeremie.com\/index.php\/wp-json\/wp\/v2\/pages\/2\/revisions\/318"}],"wp:attachment":[{"href":"https:\/\/stinejeremie.com\/index.php\/wp-json\/wp\/v2\/media?parent=2"}],"curies":[{"name":"wp","href":"https:\/\/api.w.org\/{rel}","templated":true}]}}